{"id":1161,"date":"2026-03-28T19:12:53","date_gmt":"2026-03-28T22:12:53","guid":{"rendered":"https:\/\/corazonsano.com.ar\/?post_type=product&#038;p=1161"},"modified":"2026-03-28T19:47:25","modified_gmt":"2026-03-28T22:47:25","slug":"corazon-sano-e-book","status":"publish","type":"product","link":"https:\/\/corazonsano.com.ar\/en\/product\/corazon-sano-e-book\/","title":{"rendered":"Corazon Sano E-Book"},"content":{"rendered":"<p><!-- x-hugerte\/html --><\/p>\n<h2 data-start=\"506\" data-end=\"523\">Coraz\u00f3n Sano<\/h2>\n<p data-start=\"524\" data-end=\"546\"><strong data-start=\"524\" data-end=\"546\">Lic. Aldana Dorado<\/strong><\/p>\n<p data-start=\"548\" data-end=\"619\"><strong data-start=\"548\" data-end=\"619\">\u201cLo que est\u00e1 sano, crece y prospera; lo que est\u00e1 enfermo, se seca.\u201d<\/strong><\/p>\n<p data-start=\"621\" data-end=\"746\">Considerar el estado del coraz\u00f3n es fundamental, porque de acuerdo a su condici\u00f3n ser\u00e1 la calidad de vida que experimentemos.<\/p>\n<p data-start=\"748\" data-end=\"1067\">El dolor emocional puede enfermar el coraz\u00f3n. Cuando el mundo interior se encuentra afectado, se produce una especie de par\u00e1lisis emocional que impide avanzar libremente en la vida. Esto puede generar inestabilidad emocional, esterilidad en las relaciones, falta de crecimiento y una profunda sensaci\u00f3n de desprop\u00f3sito.<\/p>\n<p data-start=\"1069\" data-end=\"1219\">Un coraz\u00f3n sano es un coraz\u00f3n que crece. Cuando estamos sanos espiritualmente, podemos responder al prop\u00f3sito de Dios y vivir en plenitud y bienestar.<\/p>\n<p data-start=\"1221\" data-end=\"1283\">En este material encontrar\u00e1s herramientas y reflexiones sobre:<\/p>\n<ul data-start=\"1285\" data-end=\"1542\">\n<li data-start=\"1285\" data-end=\"1344\">\n<p data-start=\"1287\" data-end=\"1344\">C\u00f3mo lo que hay en tu coraz\u00f3n da forma a tus emociones.<\/p>\n<\/li>\n<li data-start=\"1345\" data-end=\"1416\">\n<p data-start=\"1347\" data-end=\"1416\">Por qu\u00e9 es necesario conocer las emociones y comprender su funci\u00f3n.<\/p>\n<\/li>\n<li data-start=\"1417\" data-end=\"1478\">\n<p data-start=\"1419\" data-end=\"1478\">C\u00f3mo gestionar las emociones de manera sabia y saludable.<\/p>\n<\/li>\n<li data-start=\"1479\" data-end=\"1542\">\n<p data-start=\"1481\" data-end=\"1542\">Cu\u00e1les son los recursos necesarios para guardar el coraz\u00f3n.<\/p>\n<\/li>\n<\/ul>\n<p data-start=\"1544\" data-end=\"1722\">El coraz\u00f3n es el centro de las transformaciones del ser humano. Es all\u00ed donde ocurren los verdaderos cambios y donde comienza el camino hacia el bienestar emocional y espiritual.<\/p>\n<p data-start=\"1724\" data-end=\"1882\">Este libro te proveer\u00e1 herramientas pr\u00e1cticas y recursos concretos para alcanzar sanidad interior y construir una vida equilibrada, saludable y con prop\u00f3sito.<\/p>\n<p data-start=\"1884\" data-end=\"1946\">Te invito a recorrer juntos este camino hacia un coraz\u00f3n sano.<\/p>\n<hr data-start=\"1948\" data-end=\"1951\" \/>\n<h2 data-start=\"1953\" data-end=\"1971\">Sobre la autora<\/h2>\n<p data-start=\"1973\" data-end=\"2117\">Aldana Dorado vive en C\u00f3rdoba, Argentina. Es Licenciada en Psicolog\u00eda, con formaci\u00f3n en Drogodependencias y Psicolog\u00eda Cognitivo-Comportamental.<\/p>\n<p data-start=\"2119\" data-end=\"2246\">Es autora intelectual del Modelo Educativo Espiritual <strong data-start=\"2173\" data-end=\"2196\">\u201cPrograma Libertad\u201d<\/strong> y de los libros <em data-start=\"2213\" data-end=\"2227\">Hijo Pr\u00f3digo<\/em> y <em data-start=\"2230\" data-end=\"2245\">Vuelve a Casa<\/em>.<\/p>\n<p data-start=\"2248\" data-end=\"2527\">Actualmente se desempe\u00f1a en el \u00e1rea de capacitaci\u00f3n del \u201cPrograma Libertad\u201d en la Iglesia Cita con la Vida de la ciudad de C\u00f3rdoba. Dicta cursos y capacitaciones en Adicciones y Educaci\u00f3n Emocional, y colabora en el equipo pastoral de la Iglesia Cita con la Vida de Traslasierra.<\/p>","protected":false},"excerpt":{"rendered":"<p>Un libro que invita a sanar el coraz\u00f3n para alcanzar bienestar emocional y espiritual. A trav\u00e9s de principios psicol\u00f3gicos y espirituales, Coraz\u00f3n Sano ofrece herramientas pr\u00e1cticas para gestionar las emociones, proteger el mundo interior y vivir con prop\u00f3sito, crecimiento y plenitud.<\/p>","protected":false},"featured_media":1207,"comment_status":"open","ping_status":"closed","template":"","meta":[],"product_brand":[],"product_cat":[28],"product_tag":[],"class_list":{"0":"post-1161","1":"product","2":"type-product","3":"status-publish","4":"has-post-thumbnail","6":"product_cat-libros-online","8":"first","9":"instock","10":"virtual","11":"sold-individually","12":"purchasable","13":"product-type-simple"},"aioseo_notices":[],"_links":{"self":[{"href":"https:\/\/corazonsano.com.ar\/en\/wp-json\/wp\/v2\/product\/1161","targetHints":{"allow":["GET"]}}],"collection":[{"href":"https:\/\/corazonsano.com.ar\/en\/wp-json\/wp\/v2\/product"}],"about":[{"href":"https:\/\/corazonsano.com.ar\/en\/wp-json\/wp\/v2\/types\/product"}],"replies":[{"embeddable":true,"href":"https:\/\/corazonsano.com.ar\/en\/wp-json\/wp\/v2\/comments?post=1161"}],"wp:featuredmedia":[{"embeddable":true,"href":"https:\/\/corazonsano.com.ar\/en\/wp-json\/wp\/v2\/media\/1207"}],"wp:attachment":[{"href":"https:\/\/corazonsano.com.ar\/en\/wp-json\/wp\/v2\/media?parent=1161"}],"wp:term":[{"taxonomy":"product_brand","embeddable":true,"href":"https:\/\/corazonsano.com.ar\/en\/wp-json\/wp\/v2\/product_brand?post=1161"},{"taxonomy":"product_cat","embeddable":true,"href":"https:\/\/corazonsano.com.ar\/en\/wp-json\/wp\/v2\/product_cat?post=1161"},{"taxonomy":"product_tag","embeddable":true,"href":"https:\/\/corazonsano.com.ar\/en\/wp-json\/wp\/v2\/product_tag?post=1161"}],"curies":[{"name":"wp","href":"https:\/\/api.w.org\/{rel}","templated":true}]}}