{"id":1157,"date":"2026-03-28T19:11:14","date_gmt":"2026-03-28T22:11:14","guid":{"rendered":"https:\/\/corazonsano.com.ar\/?post_type=product&#038;p=1157"},"modified":"2026-03-28T19:47:39","modified_gmt":"2026-03-28T22:47:39","slug":"hijo-prodigo-e-book","status":"publish","type":"product","link":"https:\/\/corazonsano.com.ar\/en\/product\/hijo-prodigo-e-book\/","title":{"rendered":"Hijo Prodigo E-book"},"content":{"rendered":"<p><!-- x-hugerte\/html --><\/p>\n<p data-start=\"520\" data-end=\"567\"><strong data-start=\"520\" data-end=\"567\">HIJO PR\u00d3DIGO \u2013 El camino de la recuperaci\u00f3n<\/strong><\/p>\n<p data-start=\"569\" data-end=\"748\">Este libro presenta, a la luz de la par\u00e1bola b\u00edblica, un modelo espiritual y pr\u00e1ctico de restauraci\u00f3n para quienes atraviesan problem\u00e1ticas de adicciones y conductas destructivas.<\/p>\n<h3 data-start=\"750\" data-end=\"800\">\ud83d\udcd6 Parte I \u2013 El inicio del camino de retorno<\/h3>\n<ul data-start=\"801\" data-end=\"1016\">\n<li data-start=\"801\" data-end=\"845\">\n<p data-start=\"803\" data-end=\"845\">C\u00f3mo comienza el proceso de alejamiento.<\/p>\n<\/li>\n<li data-start=\"846\" data-end=\"901\">\n<p data-start=\"848\" data-end=\"901\">Las decisiones que abren la puerta a la esclavitud.<\/p>\n<\/li>\n<li data-start=\"902\" data-end=\"974\">\n<p data-start=\"904\" data-end=\"974\">El despertar interior y el reconocimiento de la necesidad de cambio.<\/p>\n<\/li>\n<li data-start=\"975\" data-end=\"1016\">\n<p data-start=\"977\" data-end=\"1016\">El primer paso hacia la Casa del Padre.<\/p>\n<\/li>\n<\/ul>\n<h3 data-start=\"1018\" data-end=\"1090\">\ud83d\udcd6 Parte II \u2013 Las herramientas para la recuperaci\u00f3n (12 cap\u00edtulos)<\/h3>\n<p data-start=\"1091\" data-end=\"1186\">Doce cap\u00edtulos que desarrollan principios fundamentales para transitar el proceso de sanidad:<\/p>\n<ul data-start=\"1187\" data-end=\"1536\">\n<li data-start=\"1187\" data-end=\"1215\">\n<p data-start=\"1189\" data-end=\"1215\">Arrepentimiento genuino.<\/p>\n<\/li>\n<li data-start=\"1216\" data-end=\"1249\">\n<p data-start=\"1218\" data-end=\"1249\">Restauraci\u00f3n de la identidad.<\/p>\n<\/li>\n<li data-start=\"1250\" data-end=\"1272\">\n<p data-start=\"1252\" data-end=\"1272\">Sanidad emocional.<\/p>\n<\/li>\n<li data-start=\"1273\" data-end=\"1300\">\n<p data-start=\"1275\" data-end=\"1300\">Renovaci\u00f3n de la mente.<\/p>\n<\/li>\n<li data-start=\"1301\" data-end=\"1330\">\n<p data-start=\"1303\" data-end=\"1330\">Responsabilidad personal.<\/p>\n<\/li>\n<li data-start=\"1331\" data-end=\"1359\">\n<p data-start=\"1333\" data-end=\"1359\">Perd\u00f3n y reconciliaci\u00f3n.<\/p>\n<\/li>\n<li data-start=\"1360\" data-end=\"1391\">\n<p data-start=\"1362\" data-end=\"1391\">Comunidad y acompa\u00f1amiento.<\/p>\n<\/li>\n<li data-start=\"1392\" data-end=\"1418\">\n<p data-start=\"1394\" data-end=\"1418\">Disciplina espiritual.<\/p>\n<\/li>\n<li data-start=\"1419\" data-end=\"1443\">\n<p data-start=\"1421\" data-end=\"1443\">Libertad progresiva.<\/p>\n<\/li>\n<li data-start=\"1444\" data-end=\"1483\">\n<p data-start=\"1446\" data-end=\"1483\">Nuevos h\u00e1bitos y prop\u00f3sito de vida.<\/p>\n<\/li>\n<li data-start=\"1484\" data-end=\"1508\">\n<p data-start=\"1486\" data-end=\"1508\">Dependencia de Dios.<\/p>\n<\/li>\n<li data-start=\"1509\" data-end=\"1536\">\n<p data-start=\"1511\" data-end=\"1536\">Permanencia en la verdad.<\/p>\n<\/li>\n<\/ul>\n<p data-start=\"1538\" data-end=\"1648\">Cada cap\u00edtulo describe acciones concretas y fundamentos espirituales que sostienen el proceso de recuperaci\u00f3n.<\/p>\n<h3 data-start=\"1650\" data-end=\"1701\">\ud83d\udcd6 Parte III \u2013 Mantener la condici\u00f3n de libre<\/h3>\n<ul data-start=\"1702\" data-end=\"1870\">\n<li data-start=\"1702\" data-end=\"1746\">\n<p data-start=\"1704\" data-end=\"1746\">C\u00f3mo sostener la restauraci\u00f3n alcanzada.<\/p>\n<\/li>\n<li data-start=\"1747\" data-end=\"1801\">\n<p data-start=\"1749\" data-end=\"1801\">La importancia de permanecer en la Casa del Padre.<\/p>\n<\/li>\n<li data-start=\"1802\" data-end=\"1835\">\n<p data-start=\"1804\" data-end=\"1835\">Vida en plenitud y prop\u00f3sito.<\/p>\n<\/li>\n<li data-start=\"1836\" data-end=\"1870\">\n<p data-start=\"1838\" data-end=\"1870\">La verdadera libertad en Cristo.<\/p>\n<\/li>\n<\/ul>\n<hr data-start=\"1872\" data-end=\"1875\" \/>\n<p data-start=\"1877\" data-end=\"1906\"><strong data-start=\"1877\" data-end=\"1906\">Mensaje central del libro<\/strong><\/p>\n<p data-start=\"1908\" data-end=\"2205\">El regreso a la Casa del Padre representa el dise\u00f1o original de Dios para el ser humano.<br data-start=\"1996\" data-end=\"1999\" \/>Solo en \u00c9l se encuentra la verdadera salud, restauraci\u00f3n y plenitud.<br data-start=\"2067\" data-end=\"2070\" \/>El hijo pr\u00f3digo es, en esencia, el mensaje de salvaci\u00f3n de Cristo: el \u00fanico camino para volver al estado original y al verdadero Hogar.<\/p>","protected":false},"excerpt":{"rendered":"<p>A trav\u00e9s de la par\u00e1bola del hijo pr\u00f3digo, este libro revela un dise\u00f1o de sanidad para las problem\u00e1ticas de las adicciones. Paso a paso, muestra c\u00f3mo se instalan, c\u00f3mo afectan la vida del ser humano y cu\u00e1les son las acciones concretas que conducen a la recuperaci\u00f3n, restauraci\u00f3n y libertad verdadera en la Casa del Padre.<\/p>","protected":false},"featured_media":1209,"comment_status":"open","ping_status":"closed","template":"","meta":[],"product_brand":[],"product_cat":[28],"product_tag":[],"class_list":{"0":"post-1157","1":"product","2":"type-product","3":"status-publish","4":"has-post-thumbnail","6":"product_cat-libros-online","8":"first","9":"instock","10":"virtual","11":"sold-individually","12":"purchasable","13":"product-type-simple"},"aioseo_notices":[],"_links":{"self":[{"href":"https:\/\/corazonsano.com.ar\/en\/wp-json\/wp\/v2\/product\/1157","targetHints":{"allow":["GET"]}}],"collection":[{"href":"https:\/\/corazonsano.com.ar\/en\/wp-json\/wp\/v2\/product"}],"about":[{"href":"https:\/\/corazonsano.com.ar\/en\/wp-json\/wp\/v2\/types\/product"}],"replies":[{"embeddable":true,"href":"https:\/\/corazonsano.com.ar\/en\/wp-json\/wp\/v2\/comments?post=1157"}],"wp:featuredmedia":[{"embeddable":true,"href":"https:\/\/corazonsano.com.ar\/en\/wp-json\/wp\/v2\/media\/1209"}],"wp:attachment":[{"href":"https:\/\/corazonsano.com.ar\/en\/wp-json\/wp\/v2\/media?parent=1157"}],"wp:term":[{"taxonomy":"product_brand","embeddable":true,"href":"https:\/\/corazonsano.com.ar\/en\/wp-json\/wp\/v2\/product_brand?post=1157"},{"taxonomy":"product_cat","embeddable":true,"href":"https:\/\/corazonsano.com.ar\/en\/wp-json\/wp\/v2\/product_cat?post=1157"},{"taxonomy":"product_tag","embeddable":true,"href":"https:\/\/corazonsano.com.ar\/en\/wp-json\/wp\/v2\/product_tag?post=1157"}],"curies":[{"name":"wp","href":"https:\/\/api.w.org\/{rel}","templated":true}]}}