{"id":1155,"date":"2026-03-28T19:09:19","date_gmt":"2026-03-28T22:09:19","guid":{"rendered":"https:\/\/corazonsano.com.ar\/?post_type=product&#038;p=1155"},"modified":"2026-03-28T19:09:19","modified_gmt":"2026-03-28T22:09:19","slug":"corazon-sano","status":"publish","type":"product","link":"https:\/\/corazonsano.com.ar\/en\/product\/corazon-sano\/","title":{"rendered":"Coraz\u00f3n Sano"},"content":{"rendered":"<p><!-- x-hugerte\/html --><\/p>\n<p>El coraz\u00f3n es el \u00f3rgano principal del cuerpo humano. No solo bombea sangre sino que tambi\u00e9n hace alusi\u00f3n al lugar donde se alojan las ideas, emociones, pensamientos, sentimientos; es el lugar donde hallamos el mundo emocional propio de cada persona. Si el coraz\u00f3n est\u00e1 sano emocionalmente y espiritualmente, repercute en un bienestar emocional y relacional trayendo productividad en la vida, prop\u00f3sito y el desarrollo del potencial; caso contrario, si el coraz\u00f3n est\u00e1 herido o amargado, puede afectar el mundo emocional conduciendo a la disfuncionalidad, desprop\u00f3sito y abatimiento emocional.<\/p>\n<p><strong>Tem\u00e1ticas a Desarrollar:<\/strong><\/p>\n<p><strong>Eje 1: Formaci\u00f3n del Mundo Emocional<\/strong><br \/>\n1- El coraz\u00f3n del hombre, principios de sanidad<br \/>\n2- Formaci\u00f3n del Sistema Emocional<\/p>\n<p><strong>Eje 2: Gesti\u00f3n y administraci\u00f3n de Emociones.\u00a0<\/strong><br \/>\n3- Gesti\u00f3n de emociones.<br \/>\n4- La Ira<br \/>\n5- La Tristeza<br \/>\n6- El Miedo<br \/>\n7- El Rechazo<\/p>\n<p><strong>Eje 3: Recursos para el bienestar emocional<\/strong><br \/>\n8- El perd\u00f3n \u00a0 y auto-confrontaci\u00f3n<br \/>\n9- Sanidad y prop\u00f3sito<\/p>","protected":false},"excerpt":{"rendered":"<p>Es un programa de salud emocional y espiritual cuyo objetivo es el desarrollo integral de la persona.<\/p>","protected":false},"featured_media":444,"comment_status":"open","ping_status":"closed","template":"","meta":[],"product_brand":[],"product_cat":[27],"product_tag":[],"class_list":{"0":"post-1155","1":"product","2":"type-product","3":"status-publish","4":"has-post-thumbnail","6":"product_cat-cursos-online","8":"first","9":"instock","10":"virtual","11":"sold-individually","12":"purchasable","13":"product-type-simple"},"aioseo_notices":[],"_links":{"self":[{"href":"https:\/\/corazonsano.com.ar\/en\/wp-json\/wp\/v2\/product\/1155","targetHints":{"allow":["GET"]}}],"collection":[{"href":"https:\/\/corazonsano.com.ar\/en\/wp-json\/wp\/v2\/product"}],"about":[{"href":"https:\/\/corazonsano.com.ar\/en\/wp-json\/wp\/v2\/types\/product"}],"replies":[{"embeddable":true,"href":"https:\/\/corazonsano.com.ar\/en\/wp-json\/wp\/v2\/comments?post=1155"}],"wp:featuredmedia":[{"embeddable":true,"href":"https:\/\/corazonsano.com.ar\/en\/wp-json\/wp\/v2\/media\/444"}],"wp:attachment":[{"href":"https:\/\/corazonsano.com.ar\/en\/wp-json\/wp\/v2\/media?parent=1155"}],"wp:term":[{"taxonomy":"product_brand","embeddable":true,"href":"https:\/\/corazonsano.com.ar\/en\/wp-json\/wp\/v2\/product_brand?post=1155"},{"taxonomy":"product_cat","embeddable":true,"href":"https:\/\/corazonsano.com.ar\/en\/wp-json\/wp\/v2\/product_cat?post=1155"},{"taxonomy":"product_tag","embeddable":true,"href":"https:\/\/corazonsano.com.ar\/en\/wp-json\/wp\/v2\/product_tag?post=1155"}],"curies":[{"name":"wp","href":"https:\/\/api.w.org\/{rel}","templated":true}]}}