{"id":1147,"date":"2026-03-28T19:04:42","date_gmt":"2026-03-28T22:04:42","guid":{"rendered":"https:\/\/corazonsano.com.ar\/?post_type=product&#038;p=1147"},"modified":"2026-03-28T19:04:42","modified_gmt":"2026-03-28T22:04:42","slug":"kit-bienestar-aprende-a-estimarte","status":"publish","type":"product","link":"https:\/\/corazonsano.com.ar\/en\/product\/kit-bienestar-aprende-a-estimarte\/","title":{"rendered":"Kit Bienestar &#8211; Aprende a Estimarte"},"content":{"rendered":"<p><!-- x-hugerte\/html --><\/p>\n<p>Bienvenido a este Programa Intensivo que hemos llamado KIT BIENESTAR;<br \/>\nvamos a recorrer juntos 4 Clases, donde aprender\u00e1s a estimarte, en pos de desarrollar estrategias, h\u00e1bitos, habilidades y conocimientos para para desarrollar juntos un mayor BIENESTAR.<\/p>\n<p>Este nuevo curso nos marcar\u00e1, transformar\u00e1 y nos llevar\u00e1 a nuevos desaf\u00edos, porque cada vez que nos<br \/>\natrevemos a reconocernos y valorarnos crecemos; estamos convencidos que \u00e9sta experiencia te va a beneficiar y aportar no solo conocimiento sino nuevos recursos y herramientas para aplicar en tu vida.<br \/>\nPor esta raz\u00f3n, te motivamos a estar\u00a0 expectante y predispuesto a revisar, considerar, aplicar, contrastar lo que ya sabes, lo que descubrir\u00e1s, aprender\u00e1s y lo nuevo que tendr\u00e1s que aplicar.<\/p>\n<p>Bienvenidos una vez m\u00e1s a este programa intensivo!<\/p>\n<p>Te alentamos a que tengas toda la actitud y la expectativa para que realmente disfrutemos juntos este viaje, entre todos lo haremos posible!<\/p>","protected":false},"excerpt":{"rendered":"<p>Bienvenido a este Programa Intensivo que hemos llamado KIT BIENESTAR;<br \/>\nvamos a recorrer juntos este 4to M\u00f3dulo de 4 clases totales, donde aprender\u00e1s a estimarte, en pos de desarrollar estrategias, h\u00e1bitos, habilidades y conocimientos para para desarrollar juntos un mayor BIENESTAR.<\/p>","protected":false},"featured_media":677,"comment_status":"open","ping_status":"closed","template":"","meta":[],"product_brand":[],"product_cat":[27],"product_tag":[],"class_list":{"0":"post-1147","1":"product","2":"type-product","3":"status-publish","4":"has-post-thumbnail","6":"product_cat-cursos-online","8":"first","9":"instock","10":"virtual","11":"sold-individually","12":"purchasable","13":"product-type-simple"},"aioseo_notices":[],"_links":{"self":[{"href":"https:\/\/corazonsano.com.ar\/en\/wp-json\/wp\/v2\/product\/1147","targetHints":{"allow":["GET"]}}],"collection":[{"href":"https:\/\/corazonsano.com.ar\/en\/wp-json\/wp\/v2\/product"}],"about":[{"href":"https:\/\/corazonsano.com.ar\/en\/wp-json\/wp\/v2\/types\/product"}],"replies":[{"embeddable":true,"href":"https:\/\/corazonsano.com.ar\/en\/wp-json\/wp\/v2\/comments?post=1147"}],"wp:featuredmedia":[{"embeddable":true,"href":"https:\/\/corazonsano.com.ar\/en\/wp-json\/wp\/v2\/media\/677"}],"wp:attachment":[{"href":"https:\/\/corazonsano.com.ar\/en\/wp-json\/wp\/v2\/media?parent=1147"}],"wp:term":[{"taxonomy":"product_brand","embeddable":true,"href":"https:\/\/corazonsano.com.ar\/en\/wp-json\/wp\/v2\/product_brand?post=1147"},{"taxonomy":"product_cat","embeddable":true,"href":"https:\/\/corazonsano.com.ar\/en\/wp-json\/wp\/v2\/product_cat?post=1147"},{"taxonomy":"product_tag","embeddable":true,"href":"https:\/\/corazonsano.com.ar\/en\/wp-json\/wp\/v2\/product_tag?post=1147"}],"curies":[{"name":"wp","href":"https:\/\/api.w.org\/{rel}","templated":true}]}}