{"id":1141,"date":"2026-03-28T18:54:35","date_gmt":"2026-03-28T21:54:35","guid":{"rendered":"https:\/\/corazonsano.com.ar\/?post_type=product&#038;p=1141"},"modified":"2026-03-28T18:56:01","modified_gmt":"2026-03-28T21:56:01","slug":"kit-corazon-sano","status":"publish","type":"product","link":"https:\/\/corazonsano.com.ar\/en\/product\/kit-corazon-sano\/","title":{"rendered":"Kit Coraz\u00f3n Sano"},"content":{"rendered":"<p><!-- x-hugerte\/html --><\/p>\n<p data-start=\"106\" data-end=\"176\"><strong data-start=\"106\" data-end=\"176\">Kit Coraz\u00f3n Sano \u2013 Entrenamiento en Conciencia y Sanidad Emocional (SOLO AUDIO)<\/strong><\/p>\n<p data-start=\"106\" data-end=\"176\"><strong data-start=\"106\" data-end=\"176\">Se sube una clase por semana (4 martes)<\/strong><\/p>\n<p data-start=\"178\" data-end=\"518\">Este curso es un entrenamiento psicoemocional y espiritual dise\u00f1ado para ayudarte a desarrollar una vida interior saludable y equilibrada. A trav\u00e9s de cuatro clases, recibir\u00e1s herramientas pr\u00e1cticas que te permitir\u00e1n comprender tu mundo emocional, fortalecer tu estabilidad interior y avanzar hacia una vida con mayor bienestar y prop\u00f3sito.<\/p>\n<p data-start=\"520\" data-end=\"789\">Durante el proceso aprender\u00e1s a reconocer y gestionar tus emociones, descubrir anclajes que te ayuden a mantener estabilidad emocional, desarrollar habilidades para manejar las emociones de manera efectiva y fortalecer una autoestima saludable basada en el amor propio.<\/p>\n<p data-start=\"791\" data-end=\"1010\">Cada clase est\u00e1 pensada para acompa\u00f1arte en un camino de crecimiento personal y sanidad interior, brind\u00e1ndote recursos que podr\u00e1s aplicar en tu vida diaria para vivir con mayor equilibrio, claridad emocional y plenitud.<\/p>\n<p data-start=\"1012\" data-end=\"1046\">\ud83d\udd39 <strong data-start=\"1015\" data-end=\"1044\">Contenidos de las clases:<\/strong><\/p>\n<ul data-start=\"1047\" data-end=\"1361\">\n<li data-section-id=\"nhb1fd\" data-start=\"1047\" data-end=\"1124\">\n<p data-start=\"1049\" data-end=\"1124\"><strong data-start=\"1049\" data-end=\"1074\">Conciencia Emocional:<\/strong> Aprende a reconocer y comprender tus emociones.<\/p>\n<\/li>\n<li data-section-id=\"18yibom\" data-start=\"1125\" data-end=\"1200\">\n<p data-start=\"1127\" data-end=\"1200\"><strong data-start=\"1127\" data-end=\"1153\">Estabilidad Emocional:<\/strong> Descubre anclajes para una vida equilibrada.<\/p>\n<\/li>\n<li data-section-id=\"1ufw11u\" data-start=\"1201\" data-end=\"1282\">\n<p data-start=\"1203\" data-end=\"1282\"><strong data-start=\"1203\" data-end=\"1228\">Gesti\u00f3n de Emociones:<\/strong> Aprende a manejar tus emociones de manera efectiva.<\/p>\n<\/li>\n<\/ul>","protected":false},"excerpt":{"rendered":"<p>Descubre el camino hacia un coraz\u00f3n sano y una vida emocional equilibrada. En este entrenamiento psicoemocional y espiritual aprender\u00e1s a reconocer tus emociones, desarrollar estabilidad interior, gestionar lo que sientes y fortalecer una autoestima saludable. A trav\u00e9s de herramientas pr\u00e1cticas y reflexiones profundas, este curso te guiar\u00e1 en un proceso de crecimiento personal y sanidad interior para avanzar con mayor bienestar, claridad y prop\u00f3sito.<\/p>","protected":false},"featured_media":1024,"comment_status":"open","ping_status":"closed","template":"","meta":[],"product_brand":[],"product_cat":[27],"product_tag":[],"class_list":{"0":"post-1141","1":"product","2":"type-product","3":"status-publish","4":"has-post-thumbnail","6":"product_cat-cursos-online","8":"first","9":"instock","10":"virtual","11":"sold-individually","12":"purchasable","13":"product-type-simple"},"aioseo_notices":[],"_links":{"self":[{"href":"https:\/\/corazonsano.com.ar\/en\/wp-json\/wp\/v2\/product\/1141","targetHints":{"allow":["GET"]}}],"collection":[{"href":"https:\/\/corazonsano.com.ar\/en\/wp-json\/wp\/v2\/product"}],"about":[{"href":"https:\/\/corazonsano.com.ar\/en\/wp-json\/wp\/v2\/types\/product"}],"replies":[{"embeddable":true,"href":"https:\/\/corazonsano.com.ar\/en\/wp-json\/wp\/v2\/comments?post=1141"}],"wp:featuredmedia":[{"embeddable":true,"href":"https:\/\/corazonsano.com.ar\/en\/wp-json\/wp\/v2\/media\/1024"}],"wp:attachment":[{"href":"https:\/\/corazonsano.com.ar\/en\/wp-json\/wp\/v2\/media?parent=1141"}],"wp:term":[{"taxonomy":"product_brand","embeddable":true,"href":"https:\/\/corazonsano.com.ar\/en\/wp-json\/wp\/v2\/product_brand?post=1141"},{"taxonomy":"product_cat","embeddable":true,"href":"https:\/\/corazonsano.com.ar\/en\/wp-json\/wp\/v2\/product_cat?post=1141"},{"taxonomy":"product_tag","embeddable":true,"href":"https:\/\/corazonsano.com.ar\/en\/wp-json\/wp\/v2\/product_tag?post=1141"}],"curies":[{"name":"wp","href":"https:\/\/api.w.org\/{rel}","templated":true}]}}