{"id":1128,"date":"2026-03-28T14:07:04","date_gmt":"2026-03-28T17:07:04","guid":{"rendered":"https:\/\/corazonsano.com.ar\/?page_id=1128"},"modified":"2026-03-28T20:05:37","modified_gmt":"2026-03-28T23:05:37","slug":"cursos-corazon-sano","status":"publish","type":"page","link":"https:\/\/corazonsano.com.ar\/en\/cursos-corazon-sano\/","title":{"rendered":"Courses"},"content":{"rendered":"<div data-elementor-type=\"wp-page\" data-elementor-id=\"1128\" class=\"elementor elementor-1128\" data-elementor-post-type=\"page\">\n\t\t\t\t<div class=\"elementor-element elementor-element-9adf679 e-flex e-con-boxed e-con e-parent\" data-id=\"9adf679\" data-element_type=\"container\" data-e-type=\"container\">\n\t\t\t\t\t<div class=\"e-con-inner\">\n\t\t\t\t<div class=\"elementor-element elementor-element-67d7b0b elementor-widget elementor-widget-heading\" data-id=\"67d7b0b\" data-element_type=\"widget\" data-e-type=\"widget\" data-widget_type=\"heading.default\">\n\t\t\t\t\t<h2 class=\"elementor-heading-title elementor-size-default\">Nuestros Cursos Disponibles<\/h2>\t\t\t\t<\/div>\n\t\t\t\t<div class=\"elementor-element elementor-element-43eea6b elementor-widget elementor-widget-text-editor\" data-id=\"43eea6b\" data-element_type=\"widget\" data-e-type=\"widget\" data-widget_type=\"text-editor.default\">\n\t\t\t\t\t\t\t\t\t<p><strong data-start=\"365\" data-end=\"420\">Invert\u00ed en vos, aprend\u00e9 hoy y transform\u00e1 tu futuro. <\/strong><strong data-start=\"423\" data-end=\"489\">Cada curso es un paso m\u00e1s hacia la mejor versi\u00f3n de vos mismo.<\/strong><\/p>\t\t\t\t\t\t\t\t<\/div>\n\t\t\t\t\t<\/div>\n\t\t\t\t<\/div>\n\t\t<div class=\"elementor-element elementor-element-654ab21 e-flex e-con-boxed e-con e-parent\" data-id=\"654ab21\" data-element_type=\"container\" data-e-type=\"container\">\n\t\t\t\t\t<div class=\"e-con-inner\">\n\t\t\t\t<div class=\"elementor-element elementor-element-04847a0 premium-woo-product-align-left premium-qv-hidden-yes elementor-widget elementor-widget-premium-woo-products\" data-id=\"04847a0\" data-element_type=\"widget\" data-e-type=\"widget\" data-widget_type=\"premium-woo-products.grid-6\">\n\t\t\t\t<div class=\"elementor-widget-container\">\n\t\t\t\t\t<div class=\"premium-woocommerce premium-woo-products-grid premium-woo-skin-grid-6 premium-woo-query-custom\" data-page-id=\"1128\" data-skin=\"grid_6\" data-quick-view=\"yes\"><div class=\"premium-woo-products-inner premium-woo-product__hover-swap\"><ul class=\"products columns-3\">\n\n<li class=\"post-1155 product first instock virtual sold-individually purchasable product-type-simple\">\n\t<div class=\"premium-woo-product-wrapper premium-con-lq__none\">\n\t\t<div class=\"premium-woo-product-thumbnail\"><a href=\"https:\/\/corazonsano.com.ar\/en\/product\/corazon-sano\/\" class=\"woocommerce-LoopProduct-link woocommerce-loop-product__link\"><img decoding=\"async\" src=\"https:\/\/corazonsano.com.ar\/wp-content\/uploads\/2026\/01\/INICIO-1-1024x538.jpg\" alt=\"\"><\/a><div class=\"premium-woo-qv-btn\" data-product-id=\"1155\">Quick View<i class=\"premium-woo-qv-icon fa fa-eye\" aria-hidden=\"true\"><\/i><\/div><div class=\"premium-woo-product-gallery-images\"><\/div><\/div><div class=\"premium-woo-products-details-wrap\"><a href=\"https:\/\/corazonsano.com.ar\/en\/product\/corazon-sano\/\" class=\"premium-woo-product__link\"><h2 class=\"woocommerce-loop-product__title\">Coraz\u00f3n Sano<\/h2><\/a>\t\t\t<span class=\"premium-woo-product-category\">\n\t\t\t\tCursos Online\t\t\t<\/span>\n\t\t\t<div class=\"premium-woo-product-info\">\n\t<span class=\"price\"><span class=\"woocommerce-Price-amount amount\"><bdi><span class=\"woocommerce-Price-currencySymbol\">&#36;<\/span>70,000.00<\/bdi><\/span><\/span>\n<\/div><div class=\"premium-woo-atc-button\" ><a href=\"\/en\/wp-json\/wp\/v2\/pages\/1128?add-to-cart=1155\" aria-describedby=\"woocommerce_loop_add_to_cart_link_describedby_1155\" data-quantity=\"1\" class=\"button product_type_simple add_to_cart_button ajax_add_to_cart\" data-product_id=\"1155\" data-product_sku=\"\" aria-label=\"Add to cart: \u201cCoraz\u00f3n Sano\u201d\" rel=\"nofollow\" data-success_message=\"\u201cCoraz\u00f3n Sano\u201d has been added to your cart\" data-no-translation=\"\" data-trp-gettext=\"\" data-no-translation-aria-label=\"\" data-no-translation-data-success_message=\"\">Add to cart<\/a>\t<span id=\"woocommerce_loop_add_to_cart_link_describedby_1155\" class=\"screen-reader-text\">\n\t\t\t<\/span>\n<\/div><\/div>\t<\/div>\n<\/li>\n\n<li class=\"post-1153 product  instock virtual sold-individually purchasable product-type-simple\">\n\t<div class=\"premium-woo-product-wrapper premium-con-lq__none\">\n\t\t<div class=\"premium-woo-product-thumbnail\"><a href=\"https:\/\/corazonsano.com.ar\/en\/product\/kit-bienestar-full-pack\/\" class=\"woocommerce-LoopProduct-link woocommerce-loop-product__link\"><img decoding=\"async\" src=\"https:\/\/corazonsano.com.ar\/wp-content\/uploads\/2026\/02\/4-1024x538.jpg\" alt=\"\"><\/a><div class=\"premium-woo-qv-btn\" data-product-id=\"1153\">Quick View<i class=\"premium-woo-qv-icon fa fa-eye\" aria-hidden=\"true\"><\/i><\/div><div class=\"premium-woo-product-gallery-images\"><\/div><\/div><div class=\"premium-woo-products-details-wrap\"><a href=\"https:\/\/corazonsano.com.ar\/en\/product\/kit-bienestar-full-pack\/\" class=\"premium-woo-product__link\"><h2 class=\"woocommerce-loop-product__title\">Kit Bienestar &#8211; Full Pack<\/h2><\/a>\t\t\t<span class=\"premium-woo-product-category\">\n\t\t\t\tCursos Online\t\t\t<\/span>\n\t\t\t<div class=\"premium-woo-product-info\">\n\t<span class=\"price\"><span class=\"woocommerce-Price-amount amount\"><bdi><span class=\"woocommerce-Price-currencySymbol\">&#36;<\/span>40,000.00<\/bdi><\/span><\/span>\n<\/div><div class=\"premium-woo-atc-button\" ><a href=\"\/en\/wp-json\/wp\/v2\/pages\/1128?add-to-cart=1153\" aria-describedby=\"woocommerce_loop_add_to_cart_link_describedby_1153\" data-quantity=\"1\" class=\"button product_type_simple add_to_cart_button ajax_add_to_cart\" data-product_id=\"1153\" data-product_sku=\"\" aria-label=\"Add to cart: \u201cKit Bienestar - Full Pack\u201d\" rel=\"nofollow\" data-success_message=\"\u201cKit Bienestar - Full Pack\u201d has been added to your cart\" data-no-translation=\"\" data-trp-gettext=\"\" data-no-translation-aria-label=\"\" data-no-translation-data-success_message=\"\">Add to cart<\/a>\t<span id=\"woocommerce_loop_add_to_cart_link_describedby_1153\" class=\"screen-reader-text\">\n\t\t\t<\/span>\n<\/div><\/div>\t<\/div>\n<\/li>\n\n<li class=\"post-1151 product last instock virtual sold-individually purchasable product-type-simple\">\n\t<div class=\"premium-woo-product-wrapper premium-con-lq__none\">\n\t\t<div class=\"premium-woo-product-thumbnail\"><a href=\"https:\/\/corazonsano.com.ar\/en\/product\/kit-bienestar-aprende-a-levantarte\/\" class=\"woocommerce-LoopProduct-link woocommerce-loop-product__link\"><img decoding=\"async\" src=\"https:\/\/corazonsano.com.ar\/wp-content\/uploads\/2026\/02\/6-1024x538.jpg\" alt=\"\"><\/a><div class=\"premium-woo-qv-btn\" data-product-id=\"1151\">Quick View<i class=\"premium-woo-qv-icon fa fa-eye\" aria-hidden=\"true\"><\/i><\/div><div class=\"premium-woo-product-gallery-images\"><\/div><\/div><div class=\"premium-woo-products-details-wrap\"><a href=\"https:\/\/corazonsano.com.ar\/en\/product\/kit-bienestar-aprende-a-levantarte\/\" class=\"premium-woo-product__link\"><h2 class=\"woocommerce-loop-product__title\">Kit Bienestar &#8211; Aprende a Levantarte<\/h2><\/a>\t\t\t<span class=\"premium-woo-product-category\">\n\t\t\t\tCursos Online\t\t\t<\/span>\n\t\t\t<div class=\"premium-woo-product-info\">\n\t<span class=\"price\"><span class=\"woocommerce-Price-amount amount\"><bdi><span class=\"woocommerce-Price-currencySymbol\">&#36;<\/span>20,000.00<\/bdi><\/span><\/span>\n<\/div><div class=\"premium-woo-atc-button\" ><a href=\"\/en\/wp-json\/wp\/v2\/pages\/1128?add-to-cart=1151\" aria-describedby=\"woocommerce_loop_add_to_cart_link_describedby_1151\" data-quantity=\"1\" class=\"button product_type_simple add_to_cart_button ajax_add_to_cart\" data-product_id=\"1151\" data-product_sku=\"\" aria-label=\"Add to cart: \u201cKit Bienestar - Aprende a Levantarte\u201d\" rel=\"nofollow\" data-success_message=\"\u201cKit Bienestar - Aprende a Levantarte\u201d has been added to your cart\" data-no-translation=\"\" data-trp-gettext=\"\" data-no-translation-aria-label=\"\" data-no-translation-data-success_message=\"\">Add to cart<\/a>\t<span id=\"woocommerce_loop_add_to_cart_link_describedby_1151\" class=\"screen-reader-text\">\n\t\t\t<\/span>\n<\/div><\/div>\t<\/div>\n<\/li>\n\n<li class=\"post-1149 product first instock virtual sold-individually purchasable product-type-simple\">\n\t<div class=\"premium-woo-product-wrapper premium-con-lq__none\">\n\t\t<div class=\"premium-woo-product-thumbnail\"><a href=\"https:\/\/corazonsano.com.ar\/en\/product\/kit-bienestar-aprende-a-gobernarte\/\" class=\"woocommerce-LoopProduct-link woocommerce-loop-product__link\"><img decoding=\"async\" src=\"https:\/\/corazonsano.com.ar\/wp-content\/uploads\/2026\/02\/7-1024x538.jpg\" alt=\"\"><\/a><div class=\"premium-woo-qv-btn\" data-product-id=\"1149\">Quick View<i class=\"premium-woo-qv-icon fa fa-eye\" aria-hidden=\"true\"><\/i><\/div><div class=\"premium-woo-product-gallery-images\"><\/div><\/div><div class=\"premium-woo-products-details-wrap\"><a href=\"https:\/\/corazonsano.com.ar\/en\/product\/kit-bienestar-aprende-a-gobernarte\/\" class=\"premium-woo-product__link\"><h2 class=\"woocommerce-loop-product__title\">Kit Bienestar &#8211; Aprende a Gobernarte<\/h2><\/a>\t\t\t<span class=\"premium-woo-product-category\">\n\t\t\t\tCursos Online\t\t\t<\/span>\n\t\t\t<div class=\"premium-woo-product-info\">\n\t<span class=\"price\"><span class=\"woocommerce-Price-amount amount\"><bdi><span class=\"woocommerce-Price-currencySymbol\">&#36;<\/span>20,000.00<\/bdi><\/span><\/span>\n<\/div><div class=\"premium-woo-atc-button\" ><a href=\"\/en\/wp-json\/wp\/v2\/pages\/1128?add-to-cart=1149\" aria-describedby=\"woocommerce_loop_add_to_cart_link_describedby_1149\" data-quantity=\"1\" class=\"button product_type_simple add_to_cart_button ajax_add_to_cart\" data-product_id=\"1149\" data-product_sku=\"\" aria-label=\"Add to cart: \u201cKit Bienestar - Aprende a Gobernarte\u201d\" rel=\"nofollow\" data-success_message=\"\u201cKit Bienestar - Aprende a Gobernarte\u201d has been added to your cart\" data-no-translation=\"\" data-trp-gettext=\"\" data-no-translation-aria-label=\"\" data-no-translation-data-success_message=\"\">Add to cart<\/a>\t<span id=\"woocommerce_loop_add_to_cart_link_describedby_1149\" class=\"screen-reader-text\">\n\t\t\t<\/span>\n<\/div><\/div>\t<\/div>\n<\/li>\n\n<li class=\"post-1147 product  instock virtual sold-individually purchasable product-type-simple\">\n\t<div class=\"premium-woo-product-wrapper premium-con-lq__none\">\n\t\t<div class=\"premium-woo-product-thumbnail\"><a href=\"https:\/\/corazonsano.com.ar\/en\/product\/kit-bienestar-aprende-a-estimarte\/\" class=\"woocommerce-LoopProduct-link woocommerce-loop-product__link\"><img decoding=\"async\" src=\"https:\/\/corazonsano.com.ar\/wp-content\/uploads\/2026\/02\/8-1024x538.jpg\" alt=\"\"><\/a><div class=\"premium-woo-qv-btn\" data-product-id=\"1147\">Quick View<i class=\"premium-woo-qv-icon fa fa-eye\" aria-hidden=\"true\"><\/i><\/div><div class=\"premium-woo-product-gallery-images\"><\/div><\/div><div class=\"premium-woo-products-details-wrap\"><a href=\"https:\/\/corazonsano.com.ar\/en\/product\/kit-bienestar-aprende-a-estimarte\/\" class=\"premium-woo-product__link\"><h2 class=\"woocommerce-loop-product__title\">Kit Bienestar &#8211; Aprende a Estimarte<\/h2><\/a>\t\t\t<span class=\"premium-woo-product-category\">\n\t\t\t\tCursos Online\t\t\t<\/span>\n\t\t\t<div class=\"premium-woo-product-info\">\n\t<span class=\"price\"><span class=\"woocommerce-Price-amount amount\"><bdi><span class=\"woocommerce-Price-currencySymbol\">&#36;<\/span>20,000.00<\/bdi><\/span><\/span>\n<\/div><div class=\"premium-woo-atc-button\" ><a href=\"\/en\/wp-json\/wp\/v2\/pages\/1128?add-to-cart=1147\" aria-describedby=\"woocommerce_loop_add_to_cart_link_describedby_1147\" data-quantity=\"1\" class=\"button product_type_simple add_to_cart_button ajax_add_to_cart\" data-product_id=\"1147\" data-product_sku=\"\" aria-label=\"Add to cart: \u201cKit Bienestar - Aprende a Estimarte\u201d\" rel=\"nofollow\" data-success_message=\"\u201cKit Bienestar - Aprende a Estimarte\u201d has been added to your cart\" data-no-translation=\"\" data-trp-gettext=\"\" data-no-translation-aria-label=\"\" data-no-translation-data-success_message=\"\">Add to cart<\/a>\t<span id=\"woocommerce_loop_add_to_cart_link_describedby_1147\" class=\"screen-reader-text\">\n\t\t\t<\/span>\n<\/div><\/div>\t<\/div>\n<\/li>\n\n<li class=\"post-1145 product last instock virtual sold-individually purchasable product-type-simple\">\n\t<div class=\"premium-woo-product-wrapper premium-con-lq__none\">\n\t\t<div class=\"premium-woo-product-thumbnail\"><a href=\"https:\/\/corazonsano.com.ar\/en\/product\/kit-bienestar-aprende-a-avanzar\/\" class=\"woocommerce-LoopProduct-link woocommerce-loop-product__link\"><img decoding=\"async\" src=\"https:\/\/corazonsano.com.ar\/wp-content\/uploads\/2026\/02\/5-1024x538.jpg\" alt=\"\"><\/a><div class=\"premium-woo-qv-btn\" data-product-id=\"1145\">Quick View<i class=\"premium-woo-qv-icon fa fa-eye\" aria-hidden=\"true\"><\/i><\/div><div class=\"premium-woo-product-gallery-images\"><\/div><\/div><div class=\"premium-woo-products-details-wrap\"><a href=\"https:\/\/corazonsano.com.ar\/en\/product\/kit-bienestar-aprende-a-avanzar\/\" class=\"premium-woo-product__link\"><h2 class=\"woocommerce-loop-product__title\">Kit Bienestar &#8211; Aprende a Avanzar<\/h2><\/a>\t\t\t<span class=\"premium-woo-product-category\">\n\t\t\t\tCursos Online\t\t\t<\/span>\n\t\t\t<div class=\"premium-woo-product-info\">\n\t<span class=\"price\"><span class=\"woocommerce-Price-amount amount\"><bdi><span class=\"woocommerce-Price-currencySymbol\">&#36;<\/span>20,000.00<\/bdi><\/span><\/span>\n<\/div><div class=\"premium-woo-atc-button\" ><a href=\"\/en\/wp-json\/wp\/v2\/pages\/1128?add-to-cart=1145\" aria-describedby=\"woocommerce_loop_add_to_cart_link_describedby_1145\" data-quantity=\"1\" class=\"button product_type_simple add_to_cart_button ajax_add_to_cart\" data-product_id=\"1145\" data-product_sku=\"\" aria-label=\"Add to cart: \u201cKit Bienestar - Aprende a Avanzar\u201d\" rel=\"nofollow\" data-success_message=\"\u201cKit Bienestar - Aprende a Avanzar\u201d has been added to your cart\" data-no-translation=\"\" data-trp-gettext=\"\" data-no-translation-aria-label=\"\" data-no-translation-data-success_message=\"\">Add to cart<\/a>\t<span id=\"woocommerce_loop_add_to_cart_link_describedby_1145\" class=\"screen-reader-text\">\n\t\t\t<\/span>\n<\/div><\/div>\t<\/div>\n<\/li>\n\n<li class=\"post-1143 product first instock virtual sold-individually purchasable product-type-simple\">\n\t<div class=\"premium-woo-product-wrapper premium-con-lq__none\">\n\t\t<div class=\"premium-woo-product-thumbnail\"><a href=\"https:\/\/corazonsano.com.ar\/en\/product\/facilitador-emocional-full-pack\/\" class=\"woocommerce-LoopProduct-link woocommerce-loop-product__link\"><img decoding=\"async\" src=\"https:\/\/corazonsano.com.ar\/wp-content\/uploads\/2026\/03\/FACILITADOR-1024x538.jpg\" alt=\"\"><\/a><div class=\"premium-woo-qv-btn\" data-product-id=\"1143\">Quick View<i class=\"premium-woo-qv-icon fa fa-eye\" aria-hidden=\"true\"><\/i><\/div><div class=\"premium-woo-product-gallery-images\"><\/div><\/div><div class=\"premium-woo-products-details-wrap\"><a href=\"https:\/\/corazonsano.com.ar\/en\/product\/facilitador-emocional-full-pack\/\" class=\"premium-woo-product__link\"><h2 class=\"woocommerce-loop-product__title\">Facilitador  Emocional &#8211; Full Pack<\/h2><\/a>\t\t\t<span class=\"premium-woo-product-category\">\n\t\t\t\tCursos Online\t\t\t<\/span>\n\t\t\t<div class=\"premium-woo-product-info\">\n\t<span class=\"price\"><span class=\"woocommerce-Price-amount amount\"><bdi><span class=\"woocommerce-Price-currencySymbol\">&#36;<\/span>70,000.00<\/bdi><\/span><\/span>\n<\/div><div class=\"premium-woo-atc-button\" ><a href=\"\/en\/wp-json\/wp\/v2\/pages\/1128?add-to-cart=1143\" aria-describedby=\"woocommerce_loop_add_to_cart_link_describedby_1143\" data-quantity=\"1\" class=\"button product_type_simple add_to_cart_button ajax_add_to_cart\" data-product_id=\"1143\" data-product_sku=\"\" aria-label=\"Add to cart: \u201cFacilitador  Emocional - Full Pack\u201d\" rel=\"nofollow\" data-success_message=\"\u201cFacilitador  Emocional - Full Pack\u201d has been added to your cart\" data-no-translation=\"\" data-trp-gettext=\"\" data-no-translation-aria-label=\"\" data-no-translation-data-success_message=\"\">Add to cart<\/a>\t<span id=\"woocommerce_loop_add_to_cart_link_describedby_1143\" class=\"screen-reader-text\">\n\t\t\t<\/span>\n<\/div><\/div>\t<\/div>\n<\/li>\n\n<li class=\"post-1141 product  instock virtual sold-individually purchasable product-type-simple\">\n\t<div class=\"premium-woo-product-wrapper premium-con-lq__none\">\n\t\t<div class=\"premium-woo-product-thumbnail\"><a href=\"https:\/\/corazonsano.com.ar\/en\/product\/kit-corazon-sano\/\" class=\"woocommerce-LoopProduct-link woocommerce-loop-product__link\"><img decoding=\"async\" src=\"https:\/\/corazonsano.com.ar\/wp-content\/uploads\/2026\/03\/KIT-1024x576.jpg\" alt=\"\"><\/a><div class=\"premium-woo-qv-btn\" data-product-id=\"1141\">Quick View<i class=\"premium-woo-qv-icon fa fa-eye\" aria-hidden=\"true\"><\/i><\/div><div class=\"premium-woo-product-gallery-images\"><\/div><\/div><div class=\"premium-woo-products-details-wrap\"><a href=\"https:\/\/corazonsano.com.ar\/en\/product\/kit-corazon-sano\/\" class=\"premium-woo-product__link\"><h2 class=\"woocommerce-loop-product__title\">Kit Coraz\u00f3n Sano<\/h2><\/a>\t\t\t<span class=\"premium-woo-product-category\">\n\t\t\t\tCursos Online\t\t\t<\/span>\n\t\t\t<div class=\"premium-woo-product-info\">\n\t<span class=\"price\"><span class=\"woocommerce-Price-amount amount\"><bdi><span class=\"woocommerce-Price-currencySymbol\">&#36;<\/span>22,000.00<\/bdi><\/span><\/span>\n<\/div><div class=\"premium-woo-atc-button\" ><a href=\"\/en\/wp-json\/wp\/v2\/pages\/1128?add-to-cart=1141\" aria-describedby=\"woocommerce_loop_add_to_cart_link_describedby_1141\" data-quantity=\"1\" class=\"button product_type_simple add_to_cart_button ajax_add_to_cart\" data-product_id=\"1141\" data-product_sku=\"\" aria-label=\"Add to cart: \u201cKit Coraz\u00f3n Sano\u201d\" rel=\"nofollow\" data-success_message=\"\u201cKit Coraz\u00f3n Sano\u201d has been added to your cart\" data-no-translation=\"\" data-trp-gettext=\"\" data-no-translation-aria-label=\"\" data-no-translation-data-success_message=\"\">Add to cart<\/a>\t<span id=\"woocommerce_loop_add_to_cart_link_describedby_1141\" class=\"screen-reader-text\">\n\t\t\t<\/span>\n<\/div><\/div>\t<\/div>\n<\/li>\n<\/ul>\n<\/div><\/div><div id=\"premium-woo-quick-view-04847a0\" class=\"premium-woo-quick-view-04847a0\">\n\t<div class=\"premium-woo-quick-view-back\">\n\t\t<div class=\"premium-woo-quick-view-loader\"><\/div>\n\t<\/div>\n\t<div id=\"premium-woo-quick-view-modal\">\n\t\t<div class=\"premium-woo-content-main-wrapper\"><!--\n\t\t--><div class=\"premium-woo-content-main\">\n\t\t\t\t<div class=\"premium-woo-lightbox-content\">\n\n\t\t\t\t\t<a href=\"#\" class=\"premium-woo-quick-view-close fa fa-window-close\"><\/a>\n\n\t\t\t\t\t<div id=\"premium-woo-quick-view-content\" class=\"woocommerce single-product\"><\/div>\n\t\t\t\t<\/div>\n\t\t\t<\/div>\n\t\t<\/div>\n\t<\/div>\n<\/div>\n\t\t\t\t<\/div>\n\t\t\t\t<\/div>\n\t\t\t\t\t<\/div>\n\t\t\t\t<\/div>\n\t\t\t\t<\/div>","protected":false},"excerpt":{"rendered":"<p>Nuestros Cursos Disponibles Invert\u00ed en vos, aprend\u00e9 hoy y transform\u00e1 tu futuro. Cada curso es un paso m\u00e1s hacia la mejor versi\u00f3n de vos mismo. Vista r\u00e1pida Coraz\u00f3n Sano Cursos Online &#36;70,000.00 A\u00f1adir al carrito Vista r\u00e1pida Kit Bienestar &#8211; Full Pack Cursos Online &#36;40,000.00 A\u00f1adir al carrito Vista r\u00e1pida Kit Bienestar &#8211; Aprende a [&hellip;]<\/p>\n","protected":false},"author":1,"featured_media":0,"parent":0,"menu_order":0,"comment_status":"closed","ping_status":"closed","template":"elementor_header_footer","meta":{"footnotes":""},"class_list":["post-1128","page","type-page","status-publish","hentry"],"aioseo_notices":[],"_links":{"self":[{"href":"https:\/\/corazonsano.com.ar\/en\/wp-json\/wp\/v2\/pages\/1128","targetHints":{"allow":["GET"]}}],"collection":[{"href":"https:\/\/corazonsano.com.ar\/en\/wp-json\/wp\/v2\/pages"}],"about":[{"href":"https:\/\/corazonsano.com.ar\/en\/wp-json\/wp\/v2\/types\/page"}],"author":[{"embeddable":true,"href":"https:\/\/corazonsano.com.ar\/en\/wp-json\/wp\/v2\/users\/1"}],"replies":[{"embeddable":true,"href":"https:\/\/corazonsano.com.ar\/en\/wp-json\/wp\/v2\/comments?post=1128"}],"version-history":[{"count":17,"href":"https:\/\/corazonsano.com.ar\/en\/wp-json\/wp\/v2\/pages\/1128\/revisions"}],"predecessor-version":[{"id":1227,"href":"https:\/\/corazonsano.com.ar\/en\/wp-json\/wp\/v2\/pages\/1128\/revisions\/1227"}],"wp:attachment":[{"href":"https:\/\/corazonsano.com.ar\/en\/wp-json\/wp\/v2\/media?parent=1128"}],"curies":[{"name":"wp","href":"https:\/\/api.w.org\/{rel}","templated":true}]}}