{"id":1033,"date":"2026-03-17T11:18:00","date_gmt":"2026-03-17T14:18:00","guid":{"rendered":"https:\/\/corazonsano.com.ar\/?page_id=1033"},"modified":"2026-03-19T11:25:21","modified_gmt":"2026-03-19T14:25:21","slug":"blog","status":"publish","type":"page","link":"https:\/\/corazonsano.com.ar\/en\/blog\/","title":{"rendered":"Blog"},"content":{"rendered":"<div data-elementor-type=\"wp-page\" data-elementor-id=\"1033\" class=\"elementor elementor-1033\" data-elementor-post-type=\"page\">\n\t\t\t\t<div class=\"elementor-element elementor-element-adf6cc1 e-flex e-con-boxed e-con e-parent\" data-id=\"adf6cc1\" data-element_type=\"container\" data-e-type=\"container\" data-settings=\"{&quot;background_background&quot;:&quot;classic&quot;}\">\n\t\t\t\t\t<div class=\"e-con-inner\">\n\t\t\t\t<div class=\"elementor-element elementor-element-557c7f2 elementor-widget__width-initial elementor-widget elementor-widget-heading\" data-id=\"557c7f2\" data-element_type=\"widget\" data-e-type=\"widget\" data-widget_type=\"heading.default\">\n\t\t\t\t\t<h2 class=\"elementor-heading-title elementor-size-default\">NUESTRO BLOG<\/h2>\t\t\t\t<\/div>\n\t\t<div class=\"elementor-element elementor-element-79528dc e-con-full e-flex e-con e-child\" data-id=\"79528dc\" data-element_type=\"container\" data-e-type=\"container\">\n\t\t\t\t<div class=\"elementor-element elementor-element-da46695 elementor-widget elementor-widget-heading\" data-id=\"da46695\" data-element_type=\"widget\" data-e-type=\"widget\" data-widget_type=\"heading.default\">\n\t\t\t\t\t<h2 class=\"elementor-heading-title elementor-size-default\">Sanidad emocional para una vida con prop\u00f3sito<\/h2>\t\t\t\t<\/div>\n\t\t\t\t<div class=\"elementor-element elementor-element-56eaf5e elementor-widget elementor-widget-text-editor\" data-id=\"56eaf5e\" data-element_type=\"widget\" data-e-type=\"widget\" data-widget_type=\"text-editor.default\">\n\t\t\t\t\t\t\t\t\t<p>En este espacio encontrar\u00e1s herramientas, reflexiones y ense\u00f1anzas dise\u00f1adas para acompa\u00f1arte en tu proceso de sanidad emocional. Nuestro objetivo es ayudarte a reconocer tus emociones, fortalecer tu autoestima y descubrir el prop\u00f3sito que Dios tiene para tu vida. Cada art\u00edculo est\u00e1 pensado para brindarte gu\u00eda, inspiraci\u00f3n y crecimiento interior, permiti\u00e9ndote avanzar hacia una vida m\u00e1s plena, equilibrada y con un coraz\u00f3n verdaderamente sano.<\/p>\t\t\t\t\t\t\t\t<\/div>\n\t\t\t\t<\/div>\n\t\t\t\t\t<\/div>\n\t\t\t\t<\/div>\n\t\t<div class=\"elementor-element elementor-element-18a4bac e-flex e-con-boxed e-con e-parent\" data-id=\"18a4bac\" data-element_type=\"container\" data-e-type=\"container\" data-settings=\"{&quot;background_background&quot;:&quot;classic&quot;,&quot;shape_divider_top&quot;:&quot;waves&quot;}\">\n\t\t\t\t\t<div class=\"e-con-inner\">\n\t\t\t\t<div class=\"elementor-shape elementor-shape-top\" aria-hidden=\"true\" data-negative=\"false\">\n\t\t\t<svg xmlns=\"http:\/\/www.w3.org\/2000\/svg\" viewbox=\"0 0 1000 100\" preserveaspectratio=\"none\">\n\t<path class=\"elementor-shape-fill\" d=\"M421.9,6.5c22.6-2.5,51.5,0.4,75.5,5.3c23.6,4.9,70.9,23.5,100.5,35.7c75.8,32.2,133.7,44.5,192.6,49.7\tc23.6,2.1,48.7,3.5,103.4-2.5c54.7-6,106.2-25.6,106.2-25.6V0H0v30.3c0,0,72,32.6,158.4,30.5c39.2-0.7,92.8-6.7,134-22.4\tc21.2-8.1,52.2-18.2,79.7-24.2C399.3,7.9,411.6,7.5,421.9,6.5z\"\/>\n<\/svg>\t\t<\/div>\n\t\t<div class=\"elementor-element elementor-element-9834043 e-con-full e-flex e-con e-child\" data-id=\"9834043\" data-element_type=\"container\" data-e-type=\"container\">\n\t\t<div class=\"elementor-element elementor-element-e03a565 e-con-full e-flex e-con e-child\" data-id=\"e03a565\" data-element_type=\"container\" data-e-type=\"container\">\n\t\t\t\t<div class=\"elementor-element elementor-element-15d619e elementor-widget__width-initial elementor-view-default elementor-widget elementor-widget-icon\" data-id=\"15d619e\" data-element_type=\"widget\" data-e-type=\"widget\" data-widget_type=\"icon.default\">\n\t\t\t\t\t\t\t<div class=\"elementor-icon-wrapper\">\n\t\t\t<div class=\"elementor-icon\">\n\t\t\t<svg aria-hidden=\"true\" class=\"e-font-icon-svg e-fas-circle-notch\" viewbox=\"0 0 512 512\" xmlns=\"http:\/\/www.w3.org\/2000\/svg\"><path d=\"M288 39.056v16.659c0 10.804 7.281 20.159 17.686 23.066C383.204 100.434 440 171.518 440 256c0 101.689-82.295 184-184 184-101.689 0-184-82.295-184-184 0-84.47 56.786-155.564 134.312-177.219C216.719 75.874 224 66.517 224 55.712V39.064c0-15.709-14.834-27.153-30.046-23.234C86.603 43.482 7.394 141.206 8.003 257.332c.72 137.052 111.477 246.956 248.531 246.667C393.255 503.711 504 392.788 504 256c0-115.633-79.14-212.779-186.211-240.236C302.678 11.889 288 23.456 288 39.056z\"><\/path><\/svg>\t\t\t<\/div>\n\t\t<\/div>\n\t\t\t\t\t\t<\/div>\n\t\t\t\t<div class=\"elementor-element elementor-element-87906a5 elementor-widget__width-initial elementor-widget elementor-widget-heading\" data-id=\"87906a5\" data-element_type=\"widget\" data-e-type=\"widget\" data-widget_type=\"heading.default\">\n\t\t\t\t\t<h2 class=\"elementor-heading-title elementor-size-default\">BLOG<\/h2>\t\t\t\t<\/div>\n\t\t\t\t<\/div>\n\t\t\t\t<div class=\"elementor-element elementor-element-5a161f6 elementor-widget elementor-widget-heading\" data-id=\"5a161f6\" data-element_type=\"widget\" data-e-type=\"widget\" data-widget_type=\"heading.default\">\n\t\t\t\t\t<h2 class=\"elementor-heading-title elementor-size-default\">Art\u00edculos que transforman tu vida<\/h2>\t\t\t\t<\/div>\n\t\t\t\t<\/div>\n\t\t\t\t<div class=\"elementor-element elementor-element-5f5feb7 elementor-grid-eael-col-4 elementor-grid-tablet-eael-col-2 elementor-grid-mobile-eael-col-1 elementor-widget elementor-widget-eael-post-grid\" data-id=\"5f5feb7\" data-element_type=\"widget\" data-e-type=\"widget\" data-settings=\"{&quot;eael_post_grid_columns&quot;:&quot;eael-col-4&quot;,&quot;eael_post_grid_columns_tablet&quot;:&quot;eael-col-2&quot;,&quot;eael_post_grid_columns_mobile&quot;:&quot;eael-col-1&quot;}\" data-widget_type=\"eael-post-grid.default\">\n\t\t\t\t\t<div id=\"eael-post-grid-5f5feb7\" class=\"eael-post-grid-container\">\n            <div class=\"eael-post-grid eael-post-appender eael-post-appender-5f5feb7 eael-post-grid-style-one\" data-layout-mode=\"masonry\"><article class=\"eael-grid-post  eael-post-grid-column eael-pg-post-1072 category-corazon-sano\" data-id=\"1072\">\n        <div class=\"eael-grid-post-holder\">\n            <div class=\"eael-grid-post-holder-inner\"><div class=\"eael-entry-media\"><div class=\"eael-entry-overlay fade-in\"><i class=\"fas fa-long-arrow-alt-right\" aria-hidden=\"true\"><\/i><a href=\"https:\/\/corazonsano.com.ar\/en\/aprende-a-levantarte\/\"><\/a><\/div><div class=\"eael-entry-thumbnail\">\n                <img fetchpriority=\"high\" decoding=\"async\" width=\"300\" height=\"200\" src=\"https:\/\/corazonsano.com.ar\/wp-content\/uploads\/2026\/03\/ChatGPT-Image-19-mar-2026-11_07_05-300x200.png\" class=\"attachment-medium size-medium wp-image-1078\" alt=\"\" srcset=\"https:\/\/corazonsano.com.ar\/wp-content\/uploads\/2026\/03\/ChatGPT-Image-19-mar-2026-11_07_05-300x200.png 300w, https:\/\/corazonsano.com.ar\/wp-content\/uploads\/2026\/03\/ChatGPT-Image-19-mar-2026-11_07_05-416x277.png 416w, https:\/\/corazonsano.com.ar\/wp-content\/uploads\/2026\/03\/ChatGPT-Image-19-mar-2026-11_07_05-1024x683.png 1024w, https:\/\/corazonsano.com.ar\/wp-content\/uploads\/2026\/03\/ChatGPT-Image-19-mar-2026-11_07_05-768x512.png 768w, https:\/\/corazonsano.com.ar\/wp-content\/uploads\/2026\/03\/ChatGPT-Image-19-mar-2026-11_07_05.png 1536w\" sizes=\"(max-width: 300px) 100vw, 300px\" \/>\n            <\/div>\n        <\/div><div class=\"eael-entry-wrapper\"><header class=\"eael-entry-header\"><h2 class=\"eael-entry-title\"><a class=\"eael-grid-post-link\" href=\"https:\/\/corazonsano.com.ar\/en\/aprende-a-levantarte\/\" title=\"Aprende a Levantarte: Conciencia Emocional y Prop\u00f3sito\">Aprende a Levantarte: Conciencia Emocional y Prop\u00f3sito<\/a><\/h2><\/header><div class=\"eael-entry-content\">\n                        <div class=\"eael-grid-post-excerpt\"><p>Crece \u00b7 Florece \u00b7 Da Fruto Seguir avanzando no siempre...<\/p><a href=\"https:\/\/corazonsano.com.ar\/en\/aprende-a-levantarte\/\" class=\"eael-post-elements-readmore-btn\">Leer m\u00e1s<\/a><\/div>\n                    <\/div><div class=\"eael-entry-footer\"><div class=\"eael-author-avatar\"><a href=\"https:\/\/corazonsano.com.ar\/en\/author\/debora-aldana-dorado\/\"><img alt='D\u00e9bora Aldana Dorado' src='https:\/\/secure.gravatar.com\/avatar\/eb29676cf6d354d134b8249771b8b07ec9e898af16b95cc688f9ba6d8ec056f4?s=96&#038;d=mm&#038;r=g' srcset='https:\/\/secure.gravatar.com\/avatar\/eb29676cf6d354d134b8249771b8b07ec9e898af16b95cc688f9ba6d8ec056f4?s=192&#038;d=mm&#038;r=g 2x' class='avatar avatar-96 photo' height='96' width='96' \/><\/a><\/div><div class=\"eael-entry-meta\"><span class=\"eael-posted-by\"><a href=\"https:\/\/corazonsano.com.ar\/en\/author\/debora-aldana-dorado\/\" title=\"Posts by D\u00e9bora Aldana Dorado\" rel=\"author\">D\u00e9bora Aldana Dorado<\/a><\/span><span class=\"eael-posted-on\"><time datetime=\"March 19, 2026\">March 19, 2026<\/time><\/span><\/div><\/div><\/div><\/div>\n        <\/div>\n    <\/article><article class=\"eael-grid-post  eael-post-grid-column eael-pg-post-1 category-corazon-sano\" data-id=\"1\">\n        <div class=\"eael-grid-post-holder\">\n            <div class=\"eael-grid-post-holder-inner\"><div class=\"eael-entry-media\"><div class=\"eael-entry-overlay fade-in\"><i class=\"fas fa-long-arrow-alt-right\" aria-hidden=\"true\"><\/i><a href=\"https:\/\/corazonsano.com.ar\/en\/aprende-a-avanzar\/\"><\/a><\/div><div class=\"eael-entry-thumbnail\">\n                <img decoding=\"async\" width=\"300\" height=\"200\" src=\"https:\/\/corazonsano.com.ar\/wp-content\/uploads\/2026\/03\/Corazon-dentro-de-un-jardin-floral-300x200.png\" class=\"attachment-medium size-medium wp-image-1068\" alt=\"\" srcset=\"https:\/\/corazonsano.com.ar\/wp-content\/uploads\/2026\/03\/Corazon-dentro-de-un-jardin-floral-300x200.png 300w, https:\/\/corazonsano.com.ar\/wp-content\/uploads\/2026\/03\/Corazon-dentro-de-un-jardin-floral-416x277.png 416w, https:\/\/corazonsano.com.ar\/wp-content\/uploads\/2026\/03\/Corazon-dentro-de-un-jardin-floral-1024x683.png 1024w, https:\/\/corazonsano.com.ar\/wp-content\/uploads\/2026\/03\/Corazon-dentro-de-un-jardin-floral-768x512.png 768w, https:\/\/corazonsano.com.ar\/wp-content\/uploads\/2026\/03\/Corazon-dentro-de-un-jardin-floral.png 1536w\" sizes=\"(max-width: 300px) 100vw, 300px\" \/>\n            <\/div>\n        <\/div><div class=\"eael-entry-wrapper\"><header class=\"eael-entry-header\"><h2 class=\"eael-entry-title\"><a class=\"eael-grid-post-link\" href=\"https:\/\/corazonsano.com.ar\/en\/aprende-a-avanzar\/\" title=\"Aprende a Avanzar: Conciencia Emocional y Prop\u00f3sito\">Aprende a Avanzar: Conciencia Emocional y Prop\u00f3sito<\/a><\/h2><\/header><div class=\"eael-entry-content\">\n                        <div class=\"eael-grid-post-excerpt\"><p>Crece \u00b7 Florece \u00b7 Da Fruto Comenzamos un nuevo camino...<\/p><a href=\"https:\/\/corazonsano.com.ar\/en\/aprende-a-avanzar\/\" class=\"eael-post-elements-readmore-btn\">Leer m\u00e1s<\/a><\/div>\n                    <\/div><div class=\"eael-entry-footer\"><div class=\"eael-author-avatar\"><a href=\"https:\/\/corazonsano.com.ar\/en\/author\/debora-aldana-dorado\/\"><img alt='D\u00e9bora Aldana Dorado' src='https:\/\/secure.gravatar.com\/avatar\/eb29676cf6d354d134b8249771b8b07ec9e898af16b95cc688f9ba6d8ec056f4?s=96&#038;d=mm&#038;r=g' srcset='https:\/\/secure.gravatar.com\/avatar\/eb29676cf6d354d134b8249771b8b07ec9e898af16b95cc688f9ba6d8ec056f4?s=192&#038;d=mm&#038;r=g 2x' class='avatar avatar-96 photo' height='96' width='96' \/><\/a><\/div><div class=\"eael-entry-meta\"><span class=\"eael-posted-by\"><a href=\"https:\/\/corazonsano.com.ar\/en\/author\/debora-aldana-dorado\/\" title=\"Posts by D\u00e9bora Aldana Dorado\" rel=\"author\">D\u00e9bora Aldana Dorado<\/a><\/span><span class=\"eael-posted-on\"><time datetime=\"March 12, 2026\">March 12, 2026<\/time><\/span><\/div><\/div><\/div><\/div>\n        <\/div>\n    <\/article><\/div>\n            <div class=\"clearfix\"><\/div>\n        <\/div>\t\t\t\t<\/div>\n\t\t\t\t\t<\/div>\n\t\t\t\t<\/div>\n\t\t\t\t<\/div>","protected":false},"excerpt":{"rendered":"<p>NUESTRO BLOG Sanidad emocional para una vida con prop\u00f3sito En este espacio encontrar\u00e1s herramientas, reflexiones y ense\u00f1anzas dise\u00f1adas para acompa\u00f1arte en tu proceso de sanidad emocional. Nuestro objetivo es ayudarte a reconocer tus emociones, fortalecer tu autoestima y descubrir el prop\u00f3sito que Dios tiene para tu vida. Cada art\u00edculo est\u00e1 pensado para brindarte gu\u00eda, inspiraci\u00f3n [&hellip;]<\/p>\n","protected":false},"author":1,"featured_media":364,"parent":0,"menu_order":0,"comment_status":"closed","ping_status":"closed","template":"elementor_header_footer","meta":{"footnotes":""},"class_list":["post-1033","page","type-page","status-publish","has-post-thumbnail","hentry"],"aioseo_notices":[],"_links":{"self":[{"href":"https:\/\/corazonsano.com.ar\/en\/wp-json\/wp\/v2\/pages\/1033","targetHints":{"allow":["GET"]}}],"collection":[{"href":"https:\/\/corazonsano.com.ar\/en\/wp-json\/wp\/v2\/pages"}],"about":[{"href":"https:\/\/corazonsano.com.ar\/en\/wp-json\/wp\/v2\/types\/page"}],"author":[{"embeddable":true,"href":"https:\/\/corazonsano.com.ar\/en\/wp-json\/wp\/v2\/users\/1"}],"replies":[{"embeddable":true,"href":"https:\/\/corazonsano.com.ar\/en\/wp-json\/wp\/v2\/comments?post=1033"}],"version-history":[{"count":28,"href":"https:\/\/corazonsano.com.ar\/en\/wp-json\/wp\/v2\/pages\/1033\/revisions"}],"predecessor-version":[{"id":1104,"href":"https:\/\/corazonsano.com.ar\/en\/wp-json\/wp\/v2\/pages\/1033\/revisions\/1104"}],"wp:featuredmedia":[{"embeddable":true,"href":"https:\/\/corazonsano.com.ar\/en\/wp-json\/wp\/v2\/media\/364"}],"wp:attachment":[{"href":"https:\/\/corazonsano.com.ar\/en\/wp-json\/wp\/v2\/media?parent=1033"}],"curies":[{"name":"wp","href":"https:\/\/api.w.org\/{rel}","templated":true}]}}